{"id":23667,"date":"2020-09-16T07:50:03","date_gmt":"2020-09-16T05:50:03","guid":{"rendered":"https:\/\/upgrade-concept.com\/a-propos\/"},"modified":"2024-05-30T16:12:06","modified_gmt":"2024-05-30T14:12:06","slug":"about","status":"publish","type":"page","link":"https:\/\/upgrade-concept.com\/en\/about\/","title":{"rendered":"About."},"content":{"rendered":"\t\t<div data-elementor-type=\"wp-page\" data-elementor-id=\"23667\" class=\"elementor elementor-23667 elementor-134\">\n\t\t\t\t\t\t<section class=\"elementor-section elementor-top-section elementor-element elementor-element-2a4132a elementor-section-full_width elementor-section-height-default elementor-section-height-default parallax_section_no qode_elementor_container_no qode-content-aligment-left\" data-id=\"2a4132a\" data-element_type=\"section\" data-settings=\"{&quot;background_background&quot;:&quot;classic&quot;}\">\n\t\t\t\t\t\t<div class=\"elementor-container elementor-column-gap-default\">\n\t\t\t\t\t<div class=\"elementor-column elementor-col-100 elementor-top-column elementor-element elementor-element-cb83541\" data-id=\"cb83541\" data-element_type=\"column\">\n\t\t\t<div class=\"elementor-widget-wrap elementor-element-populated\">\n\t\t\t\t\t\t<section class=\"elementor-section elementor-inner-section elementor-element elementor-element-c920e05 elementor-section-full_width elementor-section-content-middle elementor-section-height-default elementor-section-height-default parallax_section_no qode_elementor_container_no qode-content-aligment-left\" data-id=\"c920e05\" data-element_type=\"section\">\n\t\t\t\t\t\t<div class=\"elementor-container elementor-column-gap-default\">\n\t\t\t\t\t<div class=\"elementor-column elementor-col-50 elementor-inner-column elementor-element elementor-element-8e8ea91\" data-id=\"8e8ea91\" data-element_type=\"column\">\n\t\t\t<div class=\"elementor-widget-wrap elementor-element-populated\">\n\t\t\t\t\t\t<div class=\"elementor-element elementor-element-2dc6fad elementor-widget__width-initial elementor-widget-tablet__width-inherit elementor-widget elementor-widget-image\" data-id=\"2dc6fad\" data-element_type=\"widget\" data-widget_type=\"image.default\">\n\t\t\t\t<div class=\"elementor-widget-container\">\n\t\t\t\t\t\t\t\t\t\t\t\t\t\t\t<img fetchpriority=\"high\" decoding=\"async\" width=\"1100\" height=\"1239\" src=\"https:\/\/upgrade-concept.com\/wp-content\/uploads\/2024\/04\/upgrade-space-concept-renovation-bruxelles-3.jpg\" class=\"attachment-full size-full wp-image-23480\" alt=\"\" srcset=\"https:\/\/upgrade-concept.com\/wp-content\/uploads\/2024\/04\/upgrade-space-concept-renovation-bruxelles-3.jpg 1100w, https:\/\/upgrade-concept.com\/wp-content\/uploads\/2024\/04\/upgrade-space-concept-renovation-bruxelles-3-266x300.jpg 266w, https:\/\/upgrade-concept.com\/wp-content\/uploads\/2024\/04\/upgrade-space-concept-renovation-bruxelles-3-909x1024.jpg 909w, https:\/\/upgrade-concept.com\/wp-content\/uploads\/2024\/04\/upgrade-space-concept-renovation-bruxelles-3-768x865.jpg 768w, https:\/\/upgrade-concept.com\/wp-content\/uploads\/2024\/04\/upgrade-space-concept-renovation-bruxelles-3-700x788.jpg 700w\" sizes=\"(max-width: 1100px) 100vw, 1100px\" \/>\t\t\t\t\t\t\t\t\t\t\t\t\t\t\t<\/div>\n\t\t\t\t<\/div>\n\t\t\t\t\t<\/div>\n\t\t<\/div>\n\t\t\t\t<div class=\"elementor-column elementor-col-50 elementor-inner-column elementor-element elementor-element-6dc6499\" data-id=\"6dc6499\" data-element_type=\"column\">\n\t\t\t<div class=\"elementor-widget-wrap elementor-element-populated\">\n\t\t\t\t\t\t<div class=\"elementor-element elementor-element-e585954 elementor-widget-tablet__width-initial elementor-widget elementor-widget-text-editor\" data-id=\"e585954\" data-element_type=\"widget\" data-widget_type=\"text-editor.default\">\n\t\t\t\t<div class=\"elementor-widget-container\">\n\t\t\t\t\t\t\t\t\t<h1>About<\/h1>\t\t\t\t\t\t\t\t<\/div>\n\t\t\t\t<\/div>\n\t\t\t\t<div class=\"elementor-element elementor-element-9f51942 elementor-widget elementor-widget-spacer\" data-id=\"9f51942\" data-element_type=\"widget\" data-widget_type=\"spacer.default\">\n\t\t\t\t<div class=\"elementor-widget-container\">\n\t\t\t\t\t\t\t<div class=\"elementor-spacer\">\n\t\t\t<div class=\"elementor-spacer-inner\"><\/div>\n\t\t<\/div>\n\t\t\t\t\t\t<\/div>\n\t\t\t\t<\/div>\n\t\t\t\t<div class=\"elementor-element elementor-element-4c78ce6 elementor-widget__width-initial elementor-widget elementor-widget-text-editor\" data-id=\"4c78ce6\" data-element_type=\"widget\" data-widget_type=\"text-editor.default\">\n\t\t\t\t<div class=\"elementor-widget-container\">\n\t\t\t\t\t\t\t\t\t<p style=\"font-size: 23px; line-height: 30px;\">La philosophie UPGRADE SPACE &amp; CONCEPT c\u2019est la r\u00e9alisation de votre projet suivie dans son enti\u00e8ret\u00e9 par une \u00e9quipe de professionnels, chacun dans leur domaine.<\/p>\t\t\t\t\t\t\t\t<\/div>\n\t\t\t\t<\/div>\n\t\t\t\t<div class=\"elementor-element elementor-element-1a55259 elementor-widget elementor-widget-spacer\" data-id=\"1a55259\" data-element_type=\"widget\" data-widget_type=\"spacer.default\">\n\t\t\t\t<div class=\"elementor-widget-container\">\n\t\t\t\t\t\t\t<div class=\"elementor-spacer\">\n\t\t\t<div class=\"elementor-spacer-inner\"><\/div>\n\t\t<\/div>\n\t\t\t\t\t\t<\/div>\n\t\t\t\t<\/div>\n\t\t\t\t<div class=\"elementor-element elementor-element-8ba93bb elementor-widget elementor-widget-qbutton\" data-id=\"8ba93bb\" data-element_type=\"widget\" data-widget_type=\"qbutton.default\">\n\t\t\t\t<div class=\"elementor-widget-container\">\n\t\t\t\t\t<a href=\"\/en\/projects\/\" target=\"_self\"  class=\"qbutton \" style=\"font-style: normal; font-weight: 400; \">See our projects<\/a>\t\t\t\t<\/div>\n\t\t\t\t<\/div>\n\t\t\t\t\t<\/div>\n\t\t<\/div>\n\t\t\t\t\t<\/div>\n\t\t<\/section>\n\t\t\t\t\t<\/div>\n\t\t<\/div>\n\t\t\t\t\t<\/div>\n\t\t<\/section>\n\t\t\t\t<section class=\"elementor-section elementor-top-section elementor-element elementor-element-2cc78f5 elementor-section-full_width qode_elementor_container_inner elementor-section-height-default elementor-section-height-default parallax_section_no qode-content-aligment-left\" data-id=\"2cc78f5\" data-element_type=\"section\">\n\t\t\t\t\t\t<div class=\"elementor-container elementor-column-gap-default\">\n\t\t\t\t\t<div class=\"elementor-column elementor-col-100 elementor-top-column elementor-element elementor-element-01d1c42\" data-id=\"01d1c42\" data-element_type=\"column\">\n\t\t\t<div class=\"elementor-widget-wrap elementor-element-populated\">\n\t\t\t\t\t\t<div class=\"elementor-element elementor-element-1cae2e6 elementor-widget elementor-widget-text-editor\" data-id=\"1cae2e6\" data-element_type=\"widget\" data-widget_type=\"text-editor.default\">\n\t\t\t\t<div class=\"elementor-widget-container\">\n\t\t\t\t\t\t\t\t\t<h2 style=\"text-align: center;\">Upgrade Space &amp; Concept<\/h2>\t\t\t\t\t\t\t\t<\/div>\n\t\t\t\t<\/div>\n\t\t\t\t<div class=\"elementor-element elementor-element-2168e87 elementor-widget elementor-widget-spacer\" data-id=\"2168e87\" data-element_type=\"widget\" data-widget_type=\"spacer.default\">\n\t\t\t\t<div class=\"elementor-widget-container\">\n\t\t\t\t\t\t\t<div class=\"elementor-spacer\">\n\t\t\t<div class=\"elementor-spacer-inner\"><\/div>\n\t\t<\/div>\n\t\t\t\t\t\t<\/div>\n\t\t\t\t<\/div>\n\t\t\t\t<div class=\"elementor-element elementor-element-b8b55bb elementor-widget__width-initial aydParMargin elementor-widget elementor-widget-text-editor\" data-id=\"b8b55bb\" data-element_type=\"widget\" data-widget_type=\"text-editor.default\">\n\t\t\t\t<div class=\"elementor-widget-container\">\n\t\t\t\t\t\t\t\t\t<p>When an interior designer, with over 20 years&#8217; experience in conceptual design, meets a sales representative, a professional in project development, an innovative concept is born: to put their very different talents at the service of the customer, by combining the technical aspect with the commercial follow-up of any project: No more problems, only solutions.<\/p><p>Whether it&#8217;s structural work, construction, carpentry, painting, plumbing or electrical work, we&#8217;ll put our best teams in place to carry out your projects with an eye for detail, finish and, above all, deadlines.<\/p><p>Whether it&#8217;s fitting out a store, renovating a house or apartment, building an addition to your home or developing a very special concept, we&#8217;ll carry out your project in a relationship of trust and serenity.<\/p><p class=\"p1\"><strong>Our strengths :<\/strong><\/p><ul><li>Free quotation<\/li><li>Immediate availability and responsiveness<\/li><li>Solution to every problem<\/li><li>On-time delivery<\/li><li>Team of professionals in every field<\/li><li>Total site management<\/li><\/ul><p>\u00a0<\/p><p class=\"p1\">From project design to finishing, we&#8217;re your one-stop shop.<\/p><p class=\"p1\">Welcome to the world of <strong>Upgrade Space &amp; Concept.<\/strong><\/p>\t\t\t\t\t\t\t\t<\/div>\n\t\t\t\t<\/div>\n\t\t\t\t\t<\/div>\n\t\t<\/div>\n\t\t\t\t\t<\/div>\n\t\t<\/section>\n\t\t\t\t<\/div>\n\t\t","protected":false},"excerpt":{"rendered":"<p>About La philosophie UPGRADE SPACE &amp; CONCEPT c\u2019est la r\u00e9alisation de votre projet suivie dans son enti\u00e8ret\u00e9 par une \u00e9quipe de professionnels, chacun dans leur domaine. See our projects Upgrade Space &amp; Concept When an interior designer, with over 20 years&#8217; experience in conceptual design,&#8230;<\/p>\n","protected":false},"author":1,"featured_media":0,"parent":0,"menu_order":0,"comment_status":"closed","ping_status":"closed","template":"full_width.php","meta":{"footnotes":""},"class_list":["post-23667","page","type-page","status-publish","hentry"],"_links":{"self":[{"href":"https:\/\/upgrade-concept.com\/en\/wp-json\/wp\/v2\/pages\/23667","targetHints":{"allow":["GET"]}}],"collection":[{"href":"https:\/\/upgrade-concept.com\/en\/wp-json\/wp\/v2\/pages"}],"about":[{"href":"https:\/\/upgrade-concept.com\/en\/wp-json\/wp\/v2\/types\/page"}],"author":[{"embeddable":true,"href":"https:\/\/upgrade-concept.com\/en\/wp-json\/wp\/v2\/users\/1"}],"replies":[{"embeddable":true,"href":"https:\/\/upgrade-concept.com\/en\/wp-json\/wp\/v2\/comments?post=23667"}],"version-history":[{"count":4,"href":"https:\/\/upgrade-concept.com\/en\/wp-json\/wp\/v2\/pages\/23667\/revisions"}],"predecessor-version":[{"id":23675,"href":"https:\/\/upgrade-concept.com\/en\/wp-json\/wp\/v2\/pages\/23667\/revisions\/23675"}],"wp:attachment":[{"href":"https:\/\/upgrade-concept.com\/en\/wp-json\/wp\/v2\/media?parent=23667"}],"curies":[{"name":"wp","href":"https:\/\/api.w.org\/{rel}","templated":true}]}}